{"id":596,"date":"2013-08-12T07:09:46","date_gmt":"2013-08-12T07:09:46","guid":{"rendered":"http:\/\/localhost\/wordpress-3-6\/?page_id=596"},"modified":"2024-03-15T15:09:34","modified_gmt":"2024-03-15T14:09:34","slug":"about-me-extended","status":"publish","type":"page","link":"https:\/\/kunert-tv.com\/?page_id=596","title":{"rendered":"About Us"},"content":{"rendered":"[vc_row type=&#8220;full_width_background&#8220; bg_position=&#8220;left top&#8220; bg_repeat=&#8220;no-repeat&#8220; bg_color=&#8220;#fbfbfb&#8220; text_color=&#8220;dark&#8220; text_align=&#8220;left&#8220; bottom_padding=&#8220;30&#8243;][vc_column width=&#8220;1\/3&#8243; enable_animation=&#8220;true&#8220; animation=&#8220;fade-in&#8220; delay=&#8220;0&#8243;][divider line_type=&#8220;No Line&#8220; custom_height=&#8220;80&#8243;]<div class=\"iwithtext\"><div class=\"iwt-icon\"> <i class=\"icon-default-style fa fa-user accent-color\"><\/i> <\/div><div class=\"iwt-text\"> \n<h3>Mitarbeitende<\/h3>\n<p>Unsere Team hat eine qualifizierte Ausbildung und war in f\u00fchrenden Agenturen, TV-Sendern und Filmproduktionen t\u00e4tig.<\/p>\n<p>Wir arbeiten in einem Team von Profis aus Konzeption, Redaktion, Kreation und Technik als Netzwerkproduktion. So bieten wir flexibel f\u00fcr\u00a0jeden Bedarf die passende\u00a0Technik und das optimale Team aus\u00a0nationalen und internationalen\u00a0Spezialisten. <\/div><div class=\"clear\"><\/div><\/div>[\/vc_column][vc_column width=&#8220;1\/3&#8243; enable_animation=&#8220;true&#8220; animation=&#8220;fade-in&#8220; delay=&#8220;200&#8243;][divider line_type=&#8220;No Line&#8220; custom_height=&#8220;80&#8243;]<div class=\"iwithtext\"><div class=\"iwt-icon\"> <i class=\"icon-default-style fa fa-home accent-color\"><\/i> <\/div><div class=\"iwt-text\"> \n<h3>Unternehmen<\/h3>\n<p>Kunert-tv wurde 2006 gegr\u00fcndet als Agentur f\u00fcr Film- und Corporate Medien\u00a0und reagiert damit auf den\u00a0<span style=\"line-height: 1.5em;\">steigenden Bedarf an filmbasierter Kommunikation.\u00a0<\/span><\/p>\n<p><span style=\"line-height: 1.5em;\">Als inhabergef\u00fchrtes Unternehmen stehen wir f\u00fcr pers\u00f6nliche Verantwortung. Produktionssicherheit und Kundenzufriedenheit haben h\u00f6chste Priorit\u00e4t.<\/span> <\/div><div class=\"clear\"><\/div><\/div>[\/vc_column][vc_column width=&#8220;1\/3&#8243; enable_animation=&#8220;true&#8220; animation=&#8220;fade-in&#8220; delay=&#8220;400&#8243;][divider line_type=&#8220;No Line&#8220; custom_height=&#8220;80&#8243;]<div class=\"iwithtext\"><div class=\"iwt-icon\"> <i class=\"icon-default-style fa fa-star-o accent-color\"><\/i> <\/div><div class=\"iwt-text\"> \n<h3>Member of CTVA<\/h3>\n<p>Kunert-tv ist Gr\u00fcndungsmitglied der Corporate TV Association e.V. (www.CTVA.de) und hat sich den CTVA Qualit\u00e4tsstandards verpflichtet. Dr. Matthias Kunert war viele Jahre im Vorstand und wechselte nun in den Beirat. <\/div><div class=\"clear\"><\/div><\/div>[\/vc_column][\/vc_row][vc_row type=&#8220;full_width_background&#8220; bg_position=&#8220;left top&#8220; bg_repeat=&#8220;no-repeat&#8220; bg_color=&#8220;#fbfbfb&#8220; text_color=&#8220;dark&#8220; text_align=&#8220;left&#8220; bottom_padding=&#8220;100&#8243;][vc_column width=&#8220;1\/3&#8243; enable_animation=&#8220;true&#8220; animation=&#8220;fade-in&#8220; delay=&#8220;600&#8243;]<div class=\"iwithtext\"><div class=\"iwt-icon\"> <i class=\"icon-default-style fa fa-star accent-color\"><\/i> <\/div><div class=\"iwt-text\"> \n<h3>Beratung<\/h3>\n<p>Wir er\u00f6ffnen unseren Kunden, welche\u00a0Filmoptionen es f\u00fcr ihren<br \/>\nKommunikationsbedarf gibt und stellen die beste Umsetzung sicher.<\/p>\n <\/div><div class=\"clear\"><\/div><\/div>[\/vc_column][vc_column width=&#8220;1\/3&#8243; enable_animation=&#8220;true&#8220; animation=&#8220;fade-in&#8220; delay=&#8220;800&#8243;]<div class=\"iwithtext\"><div class=\"iwt-icon\"> <i class=\"icon-default-style fa fa-film accent-color\"><\/i> <\/div><div class=\"iwt-text\"> \n<h3>Dreharbeiten<\/h3>\n<p>Wir produzieren smart: toller Look und geringer Aufwand durch moderne Technik und schlanken Workflow. <\/div><div class=\"clear\"><\/div><\/div>[\/vc_column][vc_column width=&#8220;1\/3&#8243; enable_animation=&#8220;true&#8220; animation=&#8220;fade-in&#8220; delay=&#8220;1000&#8243;]<div class=\"iwithtext\"><div class=\"iwt-icon\"> <i class=\"icon-default-style fa fa-cog accent-color\"><\/i> <\/div><div class=\"iwt-text\"> \n<h3>Broadcasting<\/h3>\n<p>Soll das Video auf ihrer Webseite oder auf Youtube laufen? Wir helfen ihnen. <\/div><div class=\"clear\"><\/div><\/div>[\/vc_column][\/vc_row][vc_row][vc_column width=&#8220;1\/1&#8243;]<style type=\"text\/css\">@media only screen and (min-width: 1300px) { #nectar-slider-instance-1, #nectar-slider-instance-1 .swiper-container { height: 650px; }  } @media only screen and (max-width: 1299px) { #nectar-slider-instance-1, #nectar-slider-instance-1 .swiper-container { height: 541.666666667px; }  } @media only screen and (max-width: 1000px) { #nectar-slider-instance-1, #nectar-slider-instance-1 .swiper-container { height: 464.285714286px; }  } @media only screen and (max-width: 690px) { #nectar-slider-instance-1, #nectar-slider-instance-1 .swiper-container { height: 240.740740741px; }  } <\/style><div data-midnight=\"nectar-slider\" class=\"parallax_slider_outer \"><div  data-transition=\"swipe\" data-overall_style=\"classic\" data-flexible-height=\"\" data-animate-in-effect=\"none\" data-fullscreen=\"false\" data-button-sizing=\"regular\" data-button-styling=\"btn_with_count\" data-autorotate=\"8000\" data-parallax=\"true\" data-parallax-disable-mobile=\"\" data-caption-trans=\"fade_in_from_bottom\" data-parallax-style=\"bg_only\" data-bg-animation=\"none\" data-full-width=\"true\" class=\"nectar-slider-wrap \" id=\"nectar-slider-instance-1\"><div class=\"swiper-container\"  data-tho=\"auto\" data-tco=\"auto\" data-pho=\"auto\" data-pco=\"auto\" data-loop=\"true\" data-height=\"650\" data-min-height=\"\" data-arrows=\"true\" data-bullets=\"true\" data-bullet_style=\"see_through\" data-bullet_position=\"bottom\" data-desktop-swipe=\"true\" data-settings=\"\"> <div class=\"swiper-wrapper\"><div class=\"swiper-slide\" data-desktop-content-width=\"\" data-tablet-content-width=\"\" data-bg-alignment=\"center\" data-color-scheme=\"light\" data-x-pos=\"left\" data-y-pos=\"middle\" ><div class=\"slide-bg-wrap\"><div class=\"image-bg\" style=\"background-image: url(https:\/\/kunert-tv.com\/wp-content\/uploads\/2013\/06\/02-Heine-Studio.jpg);\"> &nbsp; <\/div><\/div><div class=\"video-texture \"> <span class=\"ie-fix\"><\/span> <\/div><\/div> <!--\/swiper-slide--><div class=\"swiper-slide\" data-desktop-content-width=\"\" data-tablet-content-width=\"\" data-bg-alignment=\"center\" data-color-scheme=\"light\" data-x-pos=\"left\" data-y-pos=\"middle\" ><div class=\"slide-bg-wrap\"><div class=\"image-bg\" style=\"background-image: url(https:\/\/kunert-tv.com\/wp-content\/uploads\/2014\/04\/03-Looney-Tunes-540x300-opt.jpg);\"> &nbsp; <\/div><\/div><div class=\"video-texture \"> <span class=\"ie-fix\"><\/span> <\/div><\/div> <!--\/swiper-slide--><div class=\"swiper-slide\" data-desktop-content-width=\"\" data-tablet-content-width=\"\" data-bg-alignment=\"center\" data-color-scheme=\"light\" data-x-pos=\"left\" data-y-pos=\"middle\" ><div class=\"slide-bg-wrap\"><div class=\"image-bg\" style=\"background-image: url(https:\/\/kunert-tv.com\/wp-content\/uploads\/2014\/09\/ctva.jpg);\"> &nbsp; <\/div><\/div><div class=\"video-texture \"> <span class=\"ie-fix\"><\/span> <\/div><\/div> <!--\/swiper-slide--><div class=\"swiper-slide\" data-desktop-content-width=\"\" data-tablet-content-width=\"\" data-bg-alignment=\"center\" data-color-scheme=\"light\" data-x-pos=\"left\" data-y-pos=\"middle\" ><div class=\"slide-bg-wrap\"><div class=\"image-bg\" style=\"background-image: url(https:\/\/kunert-tv.com\/wp-content\/uploads\/2014\/04\/Schnitt.jpg);\"> &nbsp; <\/div><\/div><div class=\"video-texture \"> <span class=\"ie-fix\"><\/span> <\/div><\/div> <!--\/swiper-slide--><\/div><a href=\"#\" class=\"slider-prev\"><i class=\"icon-salient-left-arrow\"><\/i> <div class=\"slide-count\"> <span class=\"slide-current\">1<\/span> <i class=\"icon-salient-right-line\"><\/i> <span class=\"slide-total\"><\/span> <\/div> <\/a>\n\t\t\t\t\t\t<a href=\"#\" class=\"slider-next\"><i class=\"icon-salient-right-arrow\"><\/i> <div class=\"slide-count\"> <span class=\"slide-current\">1<\/span> <i class=\"icon-salient-right-line\"><\/i> <span class=\"slide-total\"><\/span> <\/div> <\/a><div class=\"container normal-container slider-pagination-wrap\"><div class=\"slider-pagination\"><\/div><\/div><div class=\"nectar-slider-loading \"> <span class=\"loading-icon none\">   <\/span> <\/div> <\/div> \n\t\t\t\t\t\n\t\t\t\t\t<\/div><\/div>[\/vc_column][\/vc_row]\n","protected":false},"excerpt":{"rendered":"<p>[vc_row type=&#8220;full_width_background&#8220; bg_position=&#8220;left top&#8220; bg_repeat=&#8220;no-repeat&#8220; bg_color=&#8220;#fbfbfb&#8220; text_color=&#8220;dark&#8220; text_align=&#8220;left&#8220; bottom_padding=&#8220;30&#8243;][vc_column width=&#8220;1\/3&#8243; enable_animation=&#8220;true&#8220; animation=&#8220;fade-in&#8220; delay=&#8220;0&#8243;][divider line_type=&#8220;No Line&#8220; custom_height=&#8220;80&#8243;][\/vc_column][vc_column width=&#8220;1\/3&#8243; enable_animation=&#8220;true&#8220; animation=&#8220;fade-in&#8220; delay=&#8220;200&#8243;][divider line_type=&#8220;No Line&#8220; custom_height=&#8220;80&#8243;][\/vc_column][vc_column width=&#8220;1\/3&#8243; enable_animation=&#8220;true&#8220; animation=&#8220;fade-in&#8220; delay=&#8220;400&#8243;][divider line_type=&#8220;No Line&#8220; custom_height=&#8220;80&#8243;][\/vc_column][\/vc_row][vc_row&#8230;<\/p>\n","protected":false},"author":2,"featured_media":0,"parent":647,"menu_order":0,"comment_status":"open","ping_status":"open","template":"","meta":{"footnotes":""},"yoast_head":"<!-- This site is optimized with the Yoast SEO plugin v22.2 - https:\/\/yoast.com\/wordpress\/plugins\/seo\/ -->\n<title>About Us - Kunert-tv<\/title>\n<meta name=\"robots\" content=\"index, follow, max-snippet:-1, max-image-preview:large, max-video-preview:-1\" \/>\n<link rel=\"canonical\" href=\"https:\/\/kunert-tv.com\/?page_id=596\" \/>\n<meta property=\"og:locale\" content=\"de_DE\" \/>\n<meta property=\"og:type\" content=\"article\" \/>\n<meta property=\"og:title\" content=\"About Us - Kunert-tv\" \/>\n<meta property=\"og:description\" content=\"[vc_row type=&#8220;full_width_background&#8220; bg_position=&#8220;left top&#8220; bg_repeat=&#8220;no-repeat&#8220; bg_color=&#8220;#fbfbfb&#8220; text_color=&#8220;dark&#8220; text_align=&#8220;left&#8220; bottom_padding=&#8220;30&#8243;][vc_column width=&#8220;1\/3&#8243; enable_animation=&#8220;true&#8220; animation=&#8220;fade-in&#8220; delay=&#8220;0&#8243;][divider line_type=&#8220;No Line&#8220; custom_height=&#8220;80&#8243;][\/vc_column][vc_column width=&#8220;1\/3&#8243; enable_animation=&#8220;true&#8220; animation=&#8220;fade-in&#8220; delay=&#8220;200&#8243;][divider line_type=&#8220;No Line&#8220; custom_height=&#8220;80&#8243;][\/vc_column][vc_column width=&#8220;1\/3&#8243; enable_animation=&#8220;true&#8220; animation=&#8220;fade-in&#8220; delay=&#8220;400&#8243;][divider line_type=&#8220;No Line&#8220; custom_height=&#8220;80&#8243;][\/vc_column][\/vc_row][vc_row...\" \/>\n<meta property=\"og:url\" content=\"https:\/\/kunert-tv.com\/?page_id=596\" \/>\n<meta property=\"og:site_name\" content=\"Kunert-tv\" \/>\n<meta property=\"article:modified_time\" content=\"2024-03-15T14:09:34+00:00\" \/>\n<meta name=\"twitter:card\" content=\"summary_large_image\" \/>\n<meta name=\"twitter:label1\" content=\"Gesch\u00e4tzte Lesezeit\" \/>\n\t<meta name=\"twitter:data1\" content=\"2 Minuten\" \/>\n<script type=\"application\/ld+json\" class=\"yoast-schema-graph\">{\"@context\":\"https:\/\/schema.org\",\"@graph\":[{\"@type\":\"WebPage\",\"@id\":\"https:\/\/kunert-tv.com\/?page_id=596\",\"url\":\"https:\/\/kunert-tv.com\/?page_id=596\",\"name\":\"About Us - Kunert-tv\",\"isPartOf\":{\"@id\":\"https:\/\/kunert-tv.com\/#website\"},\"datePublished\":\"2013-08-12T07:09:46+00:00\",\"dateModified\":\"2024-03-15T14:09:34+00:00\",\"breadcrumb\":{\"@id\":\"https:\/\/kunert-tv.com\/?page_id=596#breadcrumb\"},\"inLanguage\":\"de-DE\",\"potentialAction\":[{\"@type\":\"ReadAction\",\"target\":[\"https:\/\/kunert-tv.com\/?page_id=596\"]}]},{\"@type\":\"BreadcrumbList\",\"@id\":\"https:\/\/kunert-tv.com\/?page_id=596#breadcrumb\",\"itemListElement\":[{\"@type\":\"ListItem\",\"position\":1,\"name\":\"Startseite\",\"item\":\"https:\/\/kunert-tv.com\/\"},{\"@type\":\"ListItem\",\"position\":2,\"name\":\"About\",\"item\":\"https:\/\/kunert-tv.com\/?page_id=647\"},{\"@type\":\"ListItem\",\"position\":3,\"name\":\"About Us\"}]},{\"@type\":\"WebSite\",\"@id\":\"https:\/\/kunert-tv.com\/#website\",\"url\":\"https:\/\/kunert-tv.com\/\",\"name\":\"Kunert-tv\",\"description\":\"Corporate Video Filmproduktion\",\"potentialAction\":[{\"@type\":\"SearchAction\",\"target\":{\"@type\":\"EntryPoint\",\"urlTemplate\":\"https:\/\/kunert-tv.com\/?s={search_term_string}\"},\"query-input\":\"required name=search_term_string\"}],\"inLanguage\":\"de-DE\"}]}<\/script>\n<!-- \/ Yoast SEO plugin. -->","yoast_head_json":{"title":"About Us - Kunert-tv","robots":{"index":"index","follow":"follow","max-snippet":"max-snippet:-1","max-image-preview":"max-image-preview:large","max-video-preview":"max-video-preview:-1"},"canonical":"https:\/\/kunert-tv.com\/?page_id=596","og_locale":"de_DE","og_type":"article","og_title":"About Us - Kunert-tv","og_description":"[vc_row type=&#8220;full_width_background&#8220; bg_position=&#8220;left top&#8220; bg_repeat=&#8220;no-repeat&#8220; bg_color=&#8220;#fbfbfb&#8220; text_color=&#8220;dark&#8220; text_align=&#8220;left&#8220; bottom_padding=&#8220;30&#8243;][vc_column width=&#8220;1\/3&#8243; enable_animation=&#8220;true&#8220; animation=&#8220;fade-in&#8220; delay=&#8220;0&#8243;][divider line_type=&#8220;No Line&#8220; custom_height=&#8220;80&#8243;][\/vc_column][vc_column width=&#8220;1\/3&#8243; enable_animation=&#8220;true&#8220; animation=&#8220;fade-in&#8220; delay=&#8220;200&#8243;][divider line_type=&#8220;No Line&#8220; custom_height=&#8220;80&#8243;][\/vc_column][vc_column width=&#8220;1\/3&#8243; enable_animation=&#8220;true&#8220; animation=&#8220;fade-in&#8220; delay=&#8220;400&#8243;][divider line_type=&#8220;No Line&#8220; custom_height=&#8220;80&#8243;][\/vc_column][\/vc_row][vc_row...","og_url":"https:\/\/kunert-tv.com\/?page_id=596","og_site_name":"Kunert-tv","article_modified_time":"2024-03-15T14:09:34+00:00","twitter_card":"summary_large_image","twitter_misc":{"Gesch\u00e4tzte Lesezeit":"2 Minuten"},"schema":{"@context":"https:\/\/schema.org","@graph":[{"@type":"WebPage","@id":"https:\/\/kunert-tv.com\/?page_id=596","url":"https:\/\/kunert-tv.com\/?page_id=596","name":"About Us - Kunert-tv","isPartOf":{"@id":"https:\/\/kunert-tv.com\/#website"},"datePublished":"2013-08-12T07:09:46+00:00","dateModified":"2024-03-15T14:09:34+00:00","breadcrumb":{"@id":"https:\/\/kunert-tv.com\/?page_id=596#breadcrumb"},"inLanguage":"de-DE","potentialAction":[{"@type":"ReadAction","target":["https:\/\/kunert-tv.com\/?page_id=596"]}]},{"@type":"BreadcrumbList","@id":"https:\/\/kunert-tv.com\/?page_id=596#breadcrumb","itemListElement":[{"@type":"ListItem","position":1,"name":"Startseite","item":"https:\/\/kunert-tv.com\/"},{"@type":"ListItem","position":2,"name":"About","item":"https:\/\/kunert-tv.com\/?page_id=647"},{"@type":"ListItem","position":3,"name":"About Us"}]},{"@type":"WebSite","@id":"https:\/\/kunert-tv.com\/#website","url":"https:\/\/kunert-tv.com\/","name":"Kunert-tv","description":"Corporate Video Filmproduktion","potentialAction":[{"@type":"SearchAction","target":{"@type":"EntryPoint","urlTemplate":"https:\/\/kunert-tv.com\/?s={search_term_string}"},"query-input":"required name=search_term_string"}],"inLanguage":"de-DE"}]}},"_links":{"self":[{"href":"https:\/\/kunert-tv.com\/index.php?rest_route=\/wp\/v2\/pages\/596"}],"collection":[{"href":"https:\/\/kunert-tv.com\/index.php?rest_route=\/wp\/v2\/pages"}],"about":[{"href":"https:\/\/kunert-tv.com\/index.php?rest_route=\/wp\/v2\/types\/page"}],"author":[{"embeddable":true,"href":"https:\/\/kunert-tv.com\/index.php?rest_route=\/wp\/v2\/users\/2"}],"replies":[{"embeddable":true,"href":"https:\/\/kunert-tv.com\/index.php?rest_route=%2Fwp%2Fv2%2Fcomments&post=596"}],"version-history":[{"count":24,"href":"https:\/\/kunert-tv.com\/index.php?rest_route=\/wp\/v2\/pages\/596\/revisions"}],"predecessor-version":[{"id":1799,"href":"https:\/\/kunert-tv.com\/index.php?rest_route=\/wp\/v2\/pages\/596\/revisions\/1799"}],"up":[{"embeddable":true,"href":"https:\/\/kunert-tv.com\/index.php?rest_route=\/wp\/v2\/pages\/647"}],"wp:attachment":[{"href":"https:\/\/kunert-tv.com\/index.php?rest_route=%2Fwp%2Fv2%2Fmedia&parent=596"}],"curies":[{"name":"wp","href":"https:\/\/api.w.org\/{rel}","templated":true}]}}