{"id":1706,"date":"2017-02-17T12:56:48","date_gmt":"2017-02-17T11:56:48","guid":{"rendered":"http:\/\/kunert-tv.eu\/?page_id=1706"},"modified":"2025-12-14T17:48:25","modified_gmt":"2025-12-14T16:48:25","slug":"forschung-und-bildung","status":"publish","type":"page","link":"https:\/\/kunert-tv.com\/?page_id=1706","title":{"rendered":"Bildung und Forschung"},"content":{"rendered":"[vc_row type=&#8220;in_container&#8220; full_screen_row_position=&#8220;middle&#8220; column_margin=&#8220;default&#8220; column_direction=&#8220;default&#8220; column_direction_tablet=&#8220;default&#8220; column_direction_phone=&#8220;default&#8220; scene_position=&#8220;center&#8220; text_color=&#8220;dark&#8220; text_align=&#8220;left&#8220; row_border_radius=&#8220;none&#8220; row_border_radius_applies=&#8220;bg&#8220; overflow=&#8220;visible&#8220; overlay_strength=&#8220;0.3&#8243; gradient_direction=&#8220;left_to_right&#8220; shape_divider_position=&#8220;bottom&#8220; bg_image_animation=&#8220;none&#8220;][vc_column column_padding=&#8220;no-extra-padding&#8220; column_padding_tablet=&#8220;inherit&#8220; column_padding_phone=&#8220;inherit&#8220; column_padding_position=&#8220;all&#8220; column_element_direction_desktop=&#8220;default&#8220; column_element_spacing=&#8220;default&#8220; desktop_text_alignment=&#8220;default&#8220; tablet_text_alignment=&#8220;default&#8220; phone_text_alignment=&#8220;default&#8220; background_color_opacity=&#8220;1&#8243; background_hover_color_opacity=&#8220;1&#8243; column_backdrop_filter=&#8220;none&#8220; column_shadow=&#8220;none&#8220; column_border_radius=&#8220;none&#8220; column_link_target=&#8220;_self&#8220; column_position=&#8220;default&#8220; gradient_direction=&#8220;left_to_right&#8220; overlay_strength=&#8220;0.3&#8243; width=&#8220;1\/1&#8243; tablet_width_inherit=&#8220;default&#8220; animation_type=&#8220;default&#8220; bg_image_animation=&#8220;none&#8220; border_type=&#8220;simple&#8220; column_border_width=&#8220;none&#8220; column_border_style=&#8220;solid&#8220;][image_with_animation image_url=&#8220;1711&#8243; image_size=&#8220;full&#8220; animation_type=&#8220;entrance&#8220; animation=&#8220;Fade In&#8220; animation_easing=&#8220;default&#8220; animation_movement_type=&#8220;transform_y&#8220; hover_animation=&#8220;none&#8220; alignment=&#8220;&#8220; border_radius=&#8220;none&#8220; box_shadow=&#8220;none&#8220; image_loading=&#8220;default&#8220; max_width=&#8220;100%&#8220; max_width_mobile=&#8220;default&#8220;][\/vc_column][\/vc_row][vc_row type=&#8220;in_container&#8220; full_screen_row_position=&#8220;middle&#8220; column_margin=&#8220;default&#8220; column_direction=&#8220;default&#8220; column_direction_tablet=&#8220;default&#8220; column_direction_phone=&#8220;default&#8220; scene_position=&#8220;center&#8220; text_color=&#8220;dark&#8220; text_align=&#8220;left&#8220; row_border_radius=&#8220;none&#8220; row_border_radius_applies=&#8220;bg&#8220; overflow=&#8220;visible&#8220; overlay_strength=&#8220;0.3&#8243; gradient_direction=&#8220;left_to_right&#8220; shape_divider_position=&#8220;bottom&#8220; bg_image_animation=&#8220;none&#8220;][vc_column column_padding=&#8220;no-extra-padding&#8220; column_padding_tablet=&#8220;inherit&#8220; column_padding_phone=&#8220;inherit&#8220; column_padding_position=&#8220;all&#8220; column_element_direction_desktop=&#8220;default&#8220; column_element_spacing=&#8220;default&#8220; desktop_text_alignment=&#8220;default&#8220; tablet_text_alignment=&#8220;default&#8220; phone_text_alignment=&#8220;default&#8220; background_color_opacity=&#8220;1&#8243; background_hover_color_opacity=&#8220;1&#8243; column_backdrop_filter=&#8220;none&#8220; column_shadow=&#8220;none&#8220; column_border_radius=&#8220;none&#8220; column_link_target=&#8220;_self&#8220; column_position=&#8220;default&#8220; gradient_direction=&#8220;left_to_right&#8220; overlay_strength=&#8220;0.3&#8243; width=&#8220;1\/1&#8243; tablet_width_inherit=&#8220;default&#8220; animation_type=&#8220;default&#8220; bg_image_animation=&#8220;none&#8220; border_type=&#8220;simple&#8220; column_border_width=&#8220;none&#8220; column_border_style=&#8220;solid&#8220;][vc_column_text text_direction=&#8220;default&#8220;]\n<h1><strong>Die Energiewende vorleben<\/strong><\/h1>\n<h2>Eine Auseinandersetzung mit der Frage wie filmische Methoden die Vermittlung ressourcenschonender Lebensstile in der Energiewende zum Zweck des Klimaschutzes f\u00f6rdern k\u00f6nnen.<\/h2>\n<p>Eine Filmprojektreihe von Studierenden der Hochschule Augsburg unter Anleitung von Dr. Matthias Kunert im Rahmen von e-transform, dem Forschungsprojekt zur Kommunikation der Energiewende im Auftrag der Bundesministerium f\u00fcr Bildung und Forschung (www.e-transform.org).<\/p>\n<p>F\u00fcr eine nachhaltige Lebensgrundlage ist das Erreichen der Klimaschutzziele und deren Voraussetzung, die Energiewende, eine zentrale politische Aufgabe. Die Bev\u00f6lkerung soll deshalb dabei begleitet werden den n\u00f6tigen Transformationsprozess der Energiewende zu verstehen und zu unterst\u00fctzen. Studentengruppen der Fakult\u00e4t Gestaltung der Hochschule-Augsburg gingen daher der Frage nach, inwieweit k\u00fcnstlerisch filmische Methoden zur Vermittlung der f\u00fcr die Energiewende n\u00f6tigen flankierenden Lebensstile geeignet sein k\u00f6nnen.<\/p>\n<h3>Filmportraits<\/h3>\n<p>F\u00fcr die dokumentarischen Filmportraits suchten die Studierenden nach Menschen, welche bereits einen nachhaltigen, energieverbrauchsreduzierten Lebensstil vorleben.\u00a0Im Kontrast zu rationalen Vermittlungsformen wurde die emotionalste (Jacobs 2014), und authentischste filmische Form, die der Reportage, im Stil des Direct Cinema (Beyerle 1991) gew\u00e4hlt. Durch die Unmittelbarkeit dieser filmischen Form ohne Kommentar soll eine besonders authentische, emotionale Wirkung erzielt werden.Anhand lokaler Beispiele im Augsburger und M\u00fcnchener Raum entstanden 14 dokumentarische Filme \u00fcber ressourcenschonende Lebensstile: Die Themenfelder umfassten:<\/p>\n<ul>\n<li>Architektur (Altbausanierung, Holzneubau)<\/li>\n<li>St\u00e4dtische Mobilit\u00e4t (Elektroautomobile, Lifestyle-Elektro-Autos, Elektrofahrr\u00e4der, Lastenfahrr\u00e4der, Designfahrr\u00e4der, intermodale Mobilit\u00e4ts-Apps)<\/li>\n<li>Ern\u00e4hrung (symbiotischer \u00d6kolandbau, nachhaltige lokale, saisonale Ern\u00e4hrung)<\/li>\n<li>Nachhaltige, langlebige Kleidung<\/li>\n<li>Energiewende im Kloster und Bildungsangebote zur Verhaltens\u00e4nderung f\u00fcr ein bewusstes und dadurch freudiges Umdenken<\/li>\n<li>Vergleich der Trinkwassernutzung und des Images von Leitungswasser gegen\u00fcber Flaschenwasser<\/li>\n<\/ul>\n<p>&nbsp;<\/p>\n<p><strong>Erfahrungen<\/strong><\/p>\n<p><i><\/i>Die Studenten nahmen das Thema interessiert an, denn es geht um ihre Zukunft. Es war ihnen jedoch wichtig ihre eigenen Aspekte des Themenfeldes zu suchen und umzusetzen, um sich damit zu identifizieren.<\/p>\n<p>Eine grunds\u00e4tzliche Problematik lag in der Ausgangssituation der Thematik, n\u00e4mlich eine Reduzierung \u00ad\u2013 in diesem Fall von Energie- und Ressourcenverbrauch \u2013 als attraktiv zu vermitteln. Schon Johannes Scherr schrieb \u201eWerden, wachsen, bl\u00fchen, welken, vergehen! Das ist das ewige Gesetz der Natur und der Geschichte.\u201c (Scherr 1875). In der Natur gibt es nur zwei Richtungen: Entweder etwas w\u00e4chst oder etwas schrumpft. In einer Welt des kontinuierlichen Wandels ist Stillstand bereits R\u00fcckschritt. Wachstum gilt in der allgemeinen Wahrnehmung als der Normalfall und wie kann es dann gelingen, ein Leben weitgehend ohne Wachstum im G\u00fcter- und Ressourcenverbrauch als attraktiv darzustellen? Wie kann ein Lebensstiel mit freiwilliger Selbstbeschr\u00e4nkung und Verzicht, nicht als gesellschaftlicher Statusverlust, sondern als attraktiv und erstrebenswert erscheinen?<\/p>\n<p>Dies kann nur gelingen, wenn f\u00fcr den Verzicht andere attraktive Belohnungen winken. Diese k\u00f6nnen zum Beispiel die zunehmend positiv interpretierten Fremdbilder der neuen Lebensstile sein \u2013 Images die durch nachhaltiges Handeln eine positive Aura der Verantwortung ausstrahlen.<\/p>\n<p>&nbsp;<\/p>\n<p><strong>Neudefinition von Images<\/strong><\/p>\n<p>Ressourcen schonenden Lebensstilen kann ein smartes, intelligentes und kultiviertes Image anhaften oder durch Neudefinition zugeordnet werden. Deutlich wurde dies im Filmprojekt bei der Frage nach dem Status von Holzh\u00e4usern im Vergleich zu Steinh\u00e4usern. H\u00e4ufig gelten Holzh\u00e4user als hellh\u00f6rig, problematisch im Bereich des Brandschutzes und weniger solide. Diese Nachteile sind zunehmend \u00fcberwunden und der energetische Vorteil sowie der geringere CO<sub>2<\/sub>-Fu\u00dfabdruck des Holzbaus tritt in den Vordergrund, weil Holzh\u00e4user weniger \u201egraue Energie\u201c, die Energie, die zur Herstellung des Baumaterials erforderlich ist, ben\u00f6tigen (Wittmann 2015). Doch muss dieser Vorteil bekannter gemacht werden, um die positive Imagewirkung zur Entfaltung zu bringen.<\/p>\n<p>Eine \u00e4hnliche Erkenntnis zeigt der Film \u00fcber die Trinkwassernutzung von Leitungswasser im Vergleich zu Flaschenwasser. Fr\u00fcher gaben alte Wasserrohre gesundheitliche und chlorgeschmackliche Gr\u00fcnde (Leuthe 2016) f\u00fcr die bevorzugte Verwendung von Flaschenwasser. Diese gibt es heute in vielen Gegenden mit hervorragender Leitungswasserqualit\u00e4t nicht mehr (Mei\u00dfner 2016). Es blieb aber die Gewohnheit Wasser in Flaschen heim zu tragen und den bis zu 500-fach h\u00f6heren Preis des Flaschenwassers zu bezahlen. Flaschenwasser wird beworben (Leuthe 2016) und mit einem sportlichen Image versehen. Damit wird es zu einem mit Image aufgeladenen Lifestyle-Konsumprodukt mit gr\u00f6\u00dferer Marge als Teil des auf Gewinn abzielenden kapitalistischen Systems. Leitungswasser dagegen erf\u00e4hrt kaum k\u00fcnstliche Imageaufwertung durch Werbung. Zwei Aspekte zeigt dieses Beispiel: Erstens, es l\u00e4sst vermuten welche wichtige Rolle der Werbung in der Definition von Images und der Unterst\u00fctzung der Akzeptanz der Energiewende zuk\u00e4me. Zweitens, Ressourcenschonung, z.B. durch weniger Flaschen\u00ad, kann weniger wirtschaftliche Aktivit\u00e4t und weniger Gewinn bedeuten. Dies w\u00fcrde den Paradigmen unseres auf Wachstum und Gewinnmaximierung ausgerichteten Wirtschaftssystems widerstreben.<\/p>\n<p>Am Beispiel des Fahrrades wird am deutlichsten, dass das ressourcenschonende Fahrrad dann am begehrenswertesten erscheint, wenn es als Lifestyle Produkt wahrgenommen wird. Das Filmportrait \u00fcber das Unternehmen Stilrad (Rehle 2016) zeigt das Fahrrad und den damit verbundenen Lebensstil demzufolge als besonders attraktiv. Ebenso zeigen die Filme der Studierenden zu Elektroautomobilen, dass im Gegensatz zu fr\u00fchen Elektroautos (Asemann 2015) die BMW (Marquardt 2016) und Tesla Fahrzeuge durch ihre Lifestyleorientierung den Wunsch nach einem ressourcenschonenden Lebensstil befl\u00fcgeln k\u00f6nnen. So sollte auf das Statussymbol das Statement der Nachhaltigkeit als Distinktionsinstrument und attraktives Leitbild folgen.<\/p>\n<p><strong>Fazit und Ausblick<\/strong><\/p>\n<p>Die Glaubw\u00fcrdigkeit hat sich in der dokumentarischen Form der Filme bew\u00e4hrt. Eine werblichere Darstellung k\u00f6nnte die Attraktivit\u00e4t noch steigern.\u00a0Die Studierenden verinnerlichten das Thema, lernten anders zu handeln, hatten deshalb auch Spa\u00df und werden als Multiplikatoren das ge\u00e4nderte Verhalten weitergeben.\u00a0Nachfolgende Untersuchungen sollten den Filmeinsatz in den sozialen Medien auf ihre Wirkung \u00fcberpr\u00fcfen.<\/p>\n<p>&nbsp;<\/p>\n<p><strong>Quellen:\u00a0<\/strong><\/p>\n<p><strong>Asemann<\/strong>, Katharina et. al. (2015) Video <i>Wenn m\u00f6glich bitte wenden, Teil 3 Elektro-Automobile<\/i>. Videolink<\/p>\n<p><b>Beyerle<\/b>, Mo (Hrsg.) (1991):\u00a0<i>Der amerikanische Dokumentarfilm der 60er Jahre. Direct Cinema und Radical Cinema<\/i>\u00a0(<i>Campus. Forschung. Schriftenreihe des Zentrums f\u00fcr Nordamerika-Forschung.<\/i>\u00a0Bd. 659). Campus-Verlag, Frankfurt am Main,\u00a0<a href=\"https:\/\/de.wikipedia.org\/wiki\/Spezial:ISBN-Suche\/3593344130\">ISBN 3-593-34413-0<\/a>.<\/p>\n<p><b>Jacobs<\/b>, Olaf; Lorenz Theresa (2014) <i>Wissenschaft f\u00fcrs Fernsehen<\/i>, Springer Fachmedien S. 57 ff.<\/p>\n<p><b>Leuthe<\/b>, Roland (2016) Stadtwerke Augsburg im Video Gazdova, Dominika et. al. <i>Kommt der erste Schritt zur Nachhaltigkeit aus dem Wasserhahn? TC 8:30 <\/i>Videolink<\/p>\n<p><b><\/b><strong>Marquardt<\/strong>, David et. al. (2016) Video <i>Statement oder Statussymbol<\/i>. Videolink<\/p>\n<p><b>Mei\u00dfner<\/b>, Simon (2016) Wissenschaftszentrum Umwelt, Lehrstuhl f\u00fcr Ressourcenstrategie Universit\u00e4t Augsburg im Video Gazdova, Dominika et. al. <i>Kommt der erste Schritt zur Nachhaltigkeit aus dem Wasserhahn? TC 11:02 <\/i>Videolink<\/p>\n<p><b>Rehle<\/b>, Christoph et. al. (2015) Video <i>M\u00fcnchner Radlnacht 2015 und Stilrad. <\/i>Videolink<\/p>\n<p><b>Scherr<\/b>, Johannes (1875) <i>Bl\u00e4tter im Winde<\/i>, Verlag: Leipzig E.J. G\u00fcnther<\/p>\n<p><b>Wittmann<\/b>, Robert (2015) Gesch\u00e4ftsf\u00fchrer Augsburger Holzhaus GmbH im Video Asemann, Katharina et. al. <i>Wenn m\u00f6glich bitte wenden, Teil 2 Altbausanierung<\/i>. TC 4:14 Videolink[\/vc_column_text][\/vc_column][\/vc_row][vc_row type=&#8220;in_container&#8220; full_screen_row_position=&#8220;middle&#8220; column_margin=&#8220;default&#8220; column_direction=&#8220;default&#8220; column_direction_tablet=&#8220;default&#8220; column_direction_phone=&#8220;default&#8220; scene_position=&#8220;center&#8220; text_color=&#8220;dark&#8220; text_align=&#8220;left&#8220; row_border_radius=&#8220;none&#8220; row_border_radius_applies=&#8220;bg&#8220; overflow=&#8220;visible&#8220; overlay_strength=&#8220;0.3&#8243; gradient_direction=&#8220;left_to_right&#8220; shape_divider_position=&#8220;bottom&#8220; bg_image_animation=&#8220;none&#8220;][vc_column column_padding=&#8220;no-extra-padding&#8220; column_padding_tablet=&#8220;inherit&#8220; column_padding_phone=&#8220;inherit&#8220; column_padding_position=&#8220;all&#8220; column_element_direction_desktop=&#8220;default&#8220; column_element_spacing=&#8220;default&#8220; desktop_text_alignment=&#8220;default&#8220; tablet_text_alignment=&#8220;default&#8220; phone_text_alignment=&#8220;default&#8220; background_color_opacity=&#8220;1&#8243; background_hover_color_opacity=&#8220;1&#8243; column_backdrop_filter=&#8220;none&#8220; column_shadow=&#8220;none&#8220; column_border_radius=&#8220;none&#8220; column_link_target=&#8220;_self&#8220; column_position=&#8220;default&#8220; gradient_direction=&#8220;left_to_right&#8220; overlay_strength=&#8220;0.3&#8243; width=&#8220;1\/1&#8243; tablet_width_inherit=&#8220;default&#8220; animation_type=&#8220;default&#8220; bg_image_animation=&#8220;none&#8220; border_type=&#8220;simple&#8220; column_border_width=&#8220;none&#8220; column_border_style=&#8220;solid&#8220;][vc_column_text][\/vc_column_text][\/vc_column][\/vc_row]\n","protected":false},"excerpt":{"rendered":"<p>[vc_row type=&#8220;in_container&#8220; full_screen_row_position=&#8220;middle&#8220; column_margin=&#8220;default&#8220; column_direction=&#8220;default&#8220; column_direction_tablet=&#8220;default&#8220; column_direction_phone=&#8220;default&#8220; scene_position=&#8220;center&#8220; text_color=&#8220;dark&#8220; text_align=&#8220;left&#8220; row_border_radius=&#8220;none&#8220; row_border_radius_applies=&#8220;bg&#8220; overflow=&#8220;visible&#8220; overlay_strength=&#8220;0.3&#8243; gradient_direction=&#8220;left_to_right&#8220; shape_divider_position=&#8220;bottom&#8220; bg_image_animation=&#8220;none&#8220;][vc_column column_padding=&#8220;no-extra-padding&#8220; column_padding_tablet=&#8220;inherit&#8220; column_padding_phone=&#8220;inherit&#8220; column_padding_position=&#8220;all&#8220; column_element_direction_desktop=&#8220;default&#8220; column_element_spacing=&#8220;default&#8220; desktop_text_alignment=&#8220;default&#8220; tablet_text_alignment=&#8220;default&#8220; phone_text_alignment=&#8220;default&#8220; background_color_opacity=&#8220;1&#8243; background_hover_color_opacity=&#8220;1&#8243; column_backdrop_filter=&#8220;none&#8220; column_shadow=&#8220;none&#8220;&#8230;<\/p>\n","protected":false},"author":1,"featured_media":0,"parent":0,"menu_order":0,"comment_status":"open","ping_status":"open","template":"","meta":{"footnotes":""},"yoast_head":"<!-- This site is optimized with the Yoast SEO plugin v22.2 - https:\/\/yoast.com\/wordpress\/plugins\/seo\/ -->\n<title>Bildung und Forschung - Kunert-tv<\/title>\n<meta name=\"robots\" content=\"index, follow, max-snippet:-1, max-image-preview:large, max-video-preview:-1\" \/>\n<link rel=\"canonical\" href=\"https:\/\/kunert-tv.com\/?page_id=1706\" \/>\n<meta property=\"og:locale\" content=\"de_DE\" \/>\n<meta property=\"og:type\" content=\"article\" \/>\n<meta property=\"og:title\" content=\"Bildung und Forschung - Kunert-tv\" \/>\n<meta property=\"og:description\" content=\"[vc_row type=&#8220;in_container&#8220; full_screen_row_position=&#8220;middle&#8220; column_margin=&#8220;default&#8220; column_direction=&#8220;default&#8220; column_direction_tablet=&#8220;default&#8220; column_direction_phone=&#8220;default&#8220; scene_position=&#8220;center&#8220; text_color=&#8220;dark&#8220; text_align=&#8220;left&#8220; row_border_radius=&#8220;none&#8220; row_border_radius_applies=&#8220;bg&#8220; overflow=&#8220;visible&#8220; overlay_strength=&#8220;0.3&#8243; gradient_direction=&#8220;left_to_right&#8220; shape_divider_position=&#8220;bottom&#8220; bg_image_animation=&#8220;none&#8220;][vc_column column_padding=&#8220;no-extra-padding&#8220; column_padding_tablet=&#8220;inherit&#8220; column_padding_phone=&#8220;inherit&#8220; column_padding_position=&#8220;all&#8220; column_element_direction_desktop=&#8220;default&#8220; column_element_spacing=&#8220;default&#8220; desktop_text_alignment=&#8220;default&#8220; tablet_text_alignment=&#8220;default&#8220; phone_text_alignment=&#8220;default&#8220; background_color_opacity=&#8220;1&#8243; background_hover_color_opacity=&#8220;1&#8243; column_backdrop_filter=&#8220;none&#8220; column_shadow=&#8220;none&#8220;...\" \/>\n<meta property=\"og:url\" content=\"https:\/\/kunert-tv.com\/?page_id=1706\" \/>\n<meta property=\"og:site_name\" content=\"Kunert-tv\" \/>\n<meta property=\"article:modified_time\" content=\"2025-12-14T16:48:25+00:00\" \/>\n<meta name=\"twitter:card\" content=\"summary_large_image\" \/>\n<meta name=\"twitter:label1\" content=\"Gesch\u00e4tzte Lesezeit\" \/>\n\t<meta name=\"twitter:data1\" content=\"7 Minuten\" \/>\n<script type=\"application\/ld+json\" class=\"yoast-schema-graph\">{\"@context\":\"https:\/\/schema.org\",\"@graph\":[{\"@type\":\"WebPage\",\"@id\":\"https:\/\/kunert-tv.com\/?page_id=1706\",\"url\":\"https:\/\/kunert-tv.com\/?page_id=1706\",\"name\":\"Bildung und Forschung - Kunert-tv\",\"isPartOf\":{\"@id\":\"https:\/\/kunert-tv.com\/#website\"},\"datePublished\":\"2017-02-17T11:56:48+00:00\",\"dateModified\":\"2025-12-14T16:48:25+00:00\",\"breadcrumb\":{\"@id\":\"https:\/\/kunert-tv.com\/?page_id=1706#breadcrumb\"},\"inLanguage\":\"de-DE\",\"potentialAction\":[{\"@type\":\"ReadAction\",\"target\":[\"https:\/\/kunert-tv.com\/?page_id=1706\"]}]},{\"@type\":\"BreadcrumbList\",\"@id\":\"https:\/\/kunert-tv.com\/?page_id=1706#breadcrumb\",\"itemListElement\":[{\"@type\":\"ListItem\",\"position\":1,\"name\":\"Startseite\",\"item\":\"https:\/\/kunert-tv.com\/\"},{\"@type\":\"ListItem\",\"position\":2,\"name\":\"Bildung und Forschung\"}]},{\"@type\":\"WebSite\",\"@id\":\"https:\/\/kunert-tv.com\/#website\",\"url\":\"https:\/\/kunert-tv.com\/\",\"name\":\"Kunert-tv\",\"description\":\"Corporate Video Filmproduktion\",\"potentialAction\":[{\"@type\":\"SearchAction\",\"target\":{\"@type\":\"EntryPoint\",\"urlTemplate\":\"https:\/\/kunert-tv.com\/?s={search_term_string}\"},\"query-input\":\"required name=search_term_string\"}],\"inLanguage\":\"de-DE\"}]}<\/script>\n<!-- \/ Yoast SEO plugin. -->","yoast_head_json":{"title":"Bildung und Forschung - Kunert-tv","robots":{"index":"index","follow":"follow","max-snippet":"max-snippet:-1","max-image-preview":"max-image-preview:large","max-video-preview":"max-video-preview:-1"},"canonical":"https:\/\/kunert-tv.com\/?page_id=1706","og_locale":"de_DE","og_type":"article","og_title":"Bildung und Forschung - Kunert-tv","og_description":"[vc_row type=&#8220;in_container&#8220; full_screen_row_position=&#8220;middle&#8220; column_margin=&#8220;default&#8220; column_direction=&#8220;default&#8220; column_direction_tablet=&#8220;default&#8220; column_direction_phone=&#8220;default&#8220; scene_position=&#8220;center&#8220; text_color=&#8220;dark&#8220; text_align=&#8220;left&#8220; row_border_radius=&#8220;none&#8220; row_border_radius_applies=&#8220;bg&#8220; overflow=&#8220;visible&#8220; overlay_strength=&#8220;0.3&#8243; gradient_direction=&#8220;left_to_right&#8220; shape_divider_position=&#8220;bottom&#8220; bg_image_animation=&#8220;none&#8220;][vc_column column_padding=&#8220;no-extra-padding&#8220; column_padding_tablet=&#8220;inherit&#8220; column_padding_phone=&#8220;inherit&#8220; column_padding_position=&#8220;all&#8220; column_element_direction_desktop=&#8220;default&#8220; column_element_spacing=&#8220;default&#8220; desktop_text_alignment=&#8220;default&#8220; tablet_text_alignment=&#8220;default&#8220; phone_text_alignment=&#8220;default&#8220; background_color_opacity=&#8220;1&#8243; background_hover_color_opacity=&#8220;1&#8243; column_backdrop_filter=&#8220;none&#8220; column_shadow=&#8220;none&#8220;...","og_url":"https:\/\/kunert-tv.com\/?page_id=1706","og_site_name":"Kunert-tv","article_modified_time":"2025-12-14T16:48:25+00:00","twitter_card":"summary_large_image","twitter_misc":{"Gesch\u00e4tzte Lesezeit":"7 Minuten"},"schema":{"@context":"https:\/\/schema.org","@graph":[{"@type":"WebPage","@id":"https:\/\/kunert-tv.com\/?page_id=1706","url":"https:\/\/kunert-tv.com\/?page_id=1706","name":"Bildung und Forschung - Kunert-tv","isPartOf":{"@id":"https:\/\/kunert-tv.com\/#website"},"datePublished":"2017-02-17T11:56:48+00:00","dateModified":"2025-12-14T16:48:25+00:00","breadcrumb":{"@id":"https:\/\/kunert-tv.com\/?page_id=1706#breadcrumb"},"inLanguage":"de-DE","potentialAction":[{"@type":"ReadAction","target":["https:\/\/kunert-tv.com\/?page_id=1706"]}]},{"@type":"BreadcrumbList","@id":"https:\/\/kunert-tv.com\/?page_id=1706#breadcrumb","itemListElement":[{"@type":"ListItem","position":1,"name":"Startseite","item":"https:\/\/kunert-tv.com\/"},{"@type":"ListItem","position":2,"name":"Bildung und Forschung"}]},{"@type":"WebSite","@id":"https:\/\/kunert-tv.com\/#website","url":"https:\/\/kunert-tv.com\/","name":"Kunert-tv","description":"Corporate Video Filmproduktion","potentialAction":[{"@type":"SearchAction","target":{"@type":"EntryPoint","urlTemplate":"https:\/\/kunert-tv.com\/?s={search_term_string}"},"query-input":"required name=search_term_string"}],"inLanguage":"de-DE"}]}},"_links":{"self":[{"href":"https:\/\/kunert-tv.com\/index.php?rest_route=\/wp\/v2\/pages\/1706"}],"collection":[{"href":"https:\/\/kunert-tv.com\/index.php?rest_route=\/wp\/v2\/pages"}],"about":[{"href":"https:\/\/kunert-tv.com\/index.php?rest_route=\/wp\/v2\/types\/page"}],"author":[{"embeddable":true,"href":"https:\/\/kunert-tv.com\/index.php?rest_route=\/wp\/v2\/users\/1"}],"replies":[{"embeddable":true,"href":"https:\/\/kunert-tv.com\/index.php?rest_route=%2Fwp%2Fv2%2Fcomments&post=1706"}],"version-history":[{"count":35,"href":"https:\/\/kunert-tv.com\/index.php?rest_route=\/wp\/v2\/pages\/1706\/revisions"}],"predecessor-version":[{"id":1813,"href":"https:\/\/kunert-tv.com\/index.php?rest_route=\/wp\/v2\/pages\/1706\/revisions\/1813"}],"wp:attachment":[{"href":"https:\/\/kunert-tv.com\/index.php?rest_route=%2Fwp%2Fv2%2Fmedia&parent=1706"}],"curies":[{"name":"wp","href":"https:\/\/api.w.org\/{rel}","templated":true}]}}